{"id":139,"date":"2018-02-08T01:01:40","date_gmt":"2018-02-08T00:01:40","guid":{"rendered":"http:\/\/superconductingelectronics.org\/s2j2019\/?page_id=139"},"modified":"2019-10-31T21:39:52","modified_gmt":"2019-10-31T20:39:52","slug":"appel-communication","status":"publish","type":"page","link":"https:\/\/superconductingelectronics.org\/s2j2019\/index.php\/appel-communication\/","title":{"rendered":"Appel \u00e0 communication"},"content":{"rendered":"<p><span style=\"font-size: 14pt;\"><strong>Appel \u00e0 communications pour le colloque Supercalculateurs supraconducteurs \u00e0 base de jonctions Josephson (S2J2)<\/strong> : nous vous invitons \u00e0 proposer de courtes pr\u00e9sentations orales (de l&#8217;ordre de 15 mn) qui se tiendront le 28 et\/ou le 29 novembre 2019.<\/span><\/p>\n<p><span style=\"font-size: 14pt;\">Le sujet de cet appel concerne tous les domaines li\u00e9s \u00e0 l&#8217;\u00e9lectronique supraconductrice et ses applications dans le contexte du colloque, et plus particuli\u00e8rement ceux impliquant des jonctions Josephson utilis\u00e9es en mode binaire (logique \u00e0 quantum de flux magn\u00e9tique), ou li\u00e9es \u00e0 une superposition d&#8217;\u00e9tats quantiques (calcul quantique), ou utilis\u00e9es comme d\u00e9tecteurs quantiques.<\/span><\/p>\n<p><span style=\"font-size: 14pt;\">Par ailleurs ces communications ne sont pas restreintes au seul contexte scientifique : toute communication traitant des aspects historiques, \u00e9pist\u00e9mologiques, industriels et \u00e9conomiques est fortement encourag\u00e9e.<\/span><\/p>\n<p><span style=\"font-size: 14pt;\">Pour soumettre une communication il suffit de r\u00e9diger une court r\u00e9sum\u00e9 (1 page maximum) et de la renvoyer <strong>au format pdf<\/strong> par courriel \u00e0 <a href=\"mailto:s2j2@fluxonics.eu?subject=Soumission d'un abstract pour communication orale au colloque S2J2\" target=\"_blank\" rel=\"noopener noreferrer\">s2j2@fluxonics.eu<\/a> .<\/span><\/p>\n<p><span style=\"font-size: 14pt;\"><strong>La date limite de soumission est le 14\u00a0novembre 2019.<\/strong><\/span><\/p>\n<p><span style=\"font-size: 14pt;\"><a href=\"https:\/\/superconductingelectronics.org\/s2j2019\/wp-content\/uploads\/2018\/02\/Abstract-colloque-S2J2.docx\" target=\"_blank\" rel=\"noopener noreferrer\">T\u00e9l\u00e9charger ici le mod\u00e8le au format word<\/a>.<\/span><\/p>\n<div>\n<div class=\"\"><span style=\"font-size: 14pt;\">\u00a0<\/span><\/div>\n<\/div>\n","protected":false},"excerpt":{"rendered":"<p>Appel \u00e0 communications pour le colloque Supercalculateurs supraconducteurs \u00e0 base de jonctions Josephson (S2J2) : nous vous invitons \u00e0 proposer [&hellip;]<\/p>\n","protected":false},"author":1,"featured_media":0,"parent":0,"menu_order":4,"comment_status":"closed","ping_status":"closed","template":"","meta":{"footnotes":"","_links_to":"","_links_to_target":""},"_links":{"self":[{"href":"https:\/\/superconductingelectronics.org\/s2j2019\/index.php\/wp-json\/wp\/v2\/pages\/139"}],"collection":[{"href":"https:\/\/superconductingelectronics.org\/s2j2019\/index.php\/wp-json\/wp\/v2\/pages"}],"about":[{"href":"https:\/\/superconductingelectronics.org\/s2j2019\/index.php\/wp-json\/wp\/v2\/types\/page"}],"author":[{"embeddable":true,"href":"https:\/\/superconductingelectronics.org\/s2j2019\/index.php\/wp-json\/wp\/v2\/users\/1"}],"replies":[{"embeddable":true,"href":"https:\/\/superconductingelectronics.org\/s2j2019\/index.php\/wp-json\/wp\/v2\/comments?post=139"}],"version-history":[{"count":12,"href":"https:\/\/superconductingelectronics.org\/s2j2019\/index.php\/wp-json\/wp\/v2\/pages\/139\/revisions"}],"predecessor-version":[{"id":344,"href":"https:\/\/superconductingelectronics.org\/s2j2019\/index.php\/wp-json\/wp\/v2\/pages\/139\/revisions\/344"}],"wp:attachment":[{"href":"https:\/\/superconductingelectronics.org\/s2j2019\/index.php\/wp-json\/wp\/v2\/media?parent=139"}],"curies":[{"name":"wp","href":"https:\/\/api.w.org\/{rel}","templated":true}]}}