{"id":137,"date":"2018-02-08T01:01:11","date_gmt":"2018-02-08T00:01:11","guid":{"rendered":"http:\/\/superconductingelectronics.org\/s2j2019\/?page_id=137"},"modified":"2019-11-25T16:09:46","modified_gmt":"2019-11-25T15:09:46","slug":"comite-organisation","status":"publish","type":"page","link":"https:\/\/superconductingelectronics.org\/s2j2019\/index.php\/comite-organisation\/","title":{"rendered":"Comit\u00e9 d&#8217;organisation"},"content":{"rendered":"<p>Denis Cr\u00e9t\u00e9 ( Thales TRT)<\/p>\n<p>Pascal Febvre (FLUXONICS &amp; Universit\u00e9 Savoie Mont Blanc)<\/p>\n\n","protected":false},"excerpt":{"rendered":"<p>Denis Cr\u00e9t\u00e9 ( Thales TRT) Pascal Febvre (FLUXONICS &amp; Universit\u00e9 Savoie Mont Blanc)<\/p>\n","protected":false},"author":1,"featured_media":0,"parent":0,"menu_order":6,"comment_status":"closed","ping_status":"closed","template":"","meta":{"footnotes":"","_links_to":"","_links_to_target":""},"_links":{"self":[{"href":"https:\/\/superconductingelectronics.org\/s2j2019\/index.php\/wp-json\/wp\/v2\/pages\/137"}],"collection":[{"href":"https:\/\/superconductingelectronics.org\/s2j2019\/index.php\/wp-json\/wp\/v2\/pages"}],"about":[{"href":"https:\/\/superconductingelectronics.org\/s2j2019\/index.php\/wp-json\/wp\/v2\/types\/page"}],"author":[{"embeddable":true,"href":"https:\/\/superconductingelectronics.org\/s2j2019\/index.php\/wp-json\/wp\/v2\/users\/1"}],"replies":[{"embeddable":true,"href":"https:\/\/superconductingelectronics.org\/s2j2019\/index.php\/wp-json\/wp\/v2\/comments?post=137"}],"version-history":[{"count":6,"href":"https:\/\/superconductingelectronics.org\/s2j2019\/index.php\/wp-json\/wp\/v2\/pages\/137\/revisions"}],"predecessor-version":[{"id":352,"href":"https:\/\/superconductingelectronics.org\/s2j2019\/index.php\/wp-json\/wp\/v2\/pages\/137\/revisions\/352"}],"wp:attachment":[{"href":"https:\/\/superconductingelectronics.org\/s2j2019\/index.php\/wp-json\/wp\/v2\/media?parent=137"}],"curies":[{"name":"wp","href":"https:\/\/api.w.org\/{rel}","templated":true}]}}