{"id":2,"date":"2018-01-30T18:47:20","date_gmt":"2018-01-30T18:47:20","guid":{"rendered":"http:\/\/superconductingelectronics.org\/s2j2\/?page_id=2"},"modified":"2018-03-14T00:25:13","modified_gmt":"2018-03-13T23:25:13","slug":"scientific-programme","status":"publish","type":"page","link":"https:\/\/superconductingelectronics.org\/s2j2\/index.php\/scientific-programme\/","title":{"rendered":"Programme scientifique"},"content":{"rendered":"<p><span style=\"font-size: 14pt;\"><strong>T\u00e9l\u00e9charger le programme d\u00e9taill\u00e9 en fran\u00e7ais\u00a0<a href=\"https:\/\/superconductingelectronics.org\/s2j2\/wp-content\/uploads\/2018\/03\/S2J2-Programme-scientifique.pdf\" target=\"_blank\" rel=\"noopener\"><img loading=\"lazy\" decoding=\"async\" class=\"alignnone wp-image-208 size-full\" src=\"https:\/\/superconductingelectronics.org\/s2j2\/wp-content\/uploads\/2018\/03\/acrobaticon.gif\" alt=\"\" width=\"37\" height=\"37\" align=\"absmiddle\" \/><\/a><\/strong><\/span><\/p>\n<p><span style=\"font-size: 14pt;\"><strong>T\u00e9l\u00e9charger le programme d\u00e9taill\u00e9 en anglais\u00a0<a href=\"https:\/\/superconductingelectronics.org\/s2j2\/wp-content\/uploads\/2018\/03\/S2J2-Scientific-programme.pdf\" target=\"_blank\" rel=\"noopener\"><img loading=\"lazy\" decoding=\"async\" class=\"alignnone wp-image-208 size-full\" src=\"https:\/\/superconductingelectronics.org\/s2j2\/wp-content\/uploads\/2018\/03\/acrobaticon.gif\" alt=\"\" width=\"37\" height=\"37\" align=\"absmiddle\" \/><\/a><\/strong><\/span><\/p>\n<p>&nbsp;<\/p>\n<p><span style=\"font-size: 14pt;\"><strong>Le colloque commencera mardi 14 mars \u00e0 14h00 pour se terminer le vendredi 16 mars \u00e0 12h00.<\/strong><\/span><\/p>\n<p><span style=\"font-size: 14pt;\">Avec le soutien du Grand Avignon, de la Ville d\u2019Avignon, du D\u00e9partement du Vaucluse et du Conseil R\u00e9gional PACA<\/span><\/p>\n<p><span style=\"color: #3366ff; font-size: 14pt;\"><strong>Mercredi 14 mars 2018 \u2013 Palais des papes \u2013 salle du Conclave<\/strong><\/span><\/p>\n<p><span style=\"font-size: 14pt;\"><strong>&gt;&gt; 14h00-16h00 :<\/strong> \u00a0\u00a0<strong>Ouverture et allocutions de bienvenue<\/strong><\/span><\/p>\n<p><span style=\"font-size: 14pt;\">suivies d\u2019une premi\u00e8re table ronde \u00a0:<\/span><\/p>\n<p><span style=\"font-size: 14pt;\"><strong>Enjeux\u00a0 \u00e9cologiques, \u00e9conomiques et industriels du Big data<\/strong><\/span><\/p>\n<p><span style=\"font-size: 14pt;\">en pr\u00e9sence de :<\/span><\/p>\n<p><span style=\"font-size: 14pt;\">Pascal FEBVRE (Pr\u00e9sident de Fluxonics, Universit\u00e9 Savoie Mont-Blanc)<\/span><\/p>\n<p><span style=\"font-size: 14pt;\">Gabriel MARQUETTE (CNRS\/INSU, Paris)<\/span><\/p>\n<p><span style=\"font-size: 14pt;\">Alain RAVEX (Cryoconsult)<\/span><\/p>\n<p><span style=\"font-size: 14pt;\">Georges WAYSAND (Laboratoire Souterrain Bas-Bruit, Rustrel Pays d\u2019Apt)<\/span><\/p>\n<p>&nbsp;<\/p>\n<p><span style=\"font-size: 14pt;\"><strong>&gt;&gt; 16h00-16h30\u00a0: <\/strong>pause<\/span><\/p>\n<p>&nbsp;<\/p>\n<p><span style=\"font-size: 14pt;\"><strong>&gt;&gt; 16h30-17h30\u00a0:\u00a0seconde table ronde<\/strong><\/span><\/p>\n<p><span style=\"font-size: 14pt;\"><strong>Introduction au monde des Jonctions Josephson\u00a0:\u00a0<\/strong><strong>Supercomputing, Quantum Computing<\/strong><\/span><\/p>\n<p><span style=\"font-size: 14pt;\">en pr\u00e9sence de \u00a0:<\/span><\/p>\n<p><span style=\"font-size: 14pt;\">Pascal FEBVRE (Universit\u00e9 Savoie Mont-Blanc)<\/span><\/p>\n<p><span style=\"font-size: 14pt;\">Coenrad FOURIER ( Stellenbosch University, Afrique du Sud)<\/span><\/p>\n<p><span style=\"font-size: 14pt;\">Hans HILGENKAMP (Twente University, Pays-Bas)<\/span><\/p>\n<p><span style=\"font-size: 14pt;\">Colin P. WILLIAMS (D-Wave Systems, Inc, Canada)<\/span><\/p>\n<p>&nbsp;<\/p>\n<p>&nbsp;<\/p>\n<p><span style=\"font-size: 14pt;\"><strong>&gt;&gt; 19h00 : L\u2019ordinateur qui viendra du froid<\/strong><\/span><\/p>\n<p><span style=\"font-size: 14pt;\">Ev\u00e9nement ouvert \u00e0 tous les publics<\/span><\/p>\n<p><span style=\"font-size: 14pt;\">par Pascal Febvre &amp; Georges Waysand<\/span><\/p>\n<p>&nbsp;<\/p>\n<p><span style=\"font-size: 14pt;\"><strong><span style=\"color: #3366ff;\">Jeudi 15 mars \u00a0(9h-12h &amp; 14h-17h) et vendredi 16 mars 2018 (9h-12h) \u2013<span style=\"color: #3366ff;\">\u00a0Palais des Papes \u2013 salle du Conclave<\/span><\/span><\/strong><\/span><\/p>\n<p><span style=\"font-size: 14pt;\">Th\u00e8mes des sessions :<\/span><\/p>\n<ul>\n<li><span style=\"font-size: 14pt;\">Supercalculateurs supraconducteurs : les solutions technologiques, du hardware au software<\/span><\/li>\n<li><span style=\"font-size: 14pt;\">Les besoins en \u00e9lectronique supraconductrice : de la physique fondamentale \u00e0 la m\u00e9decine<\/span><\/li>\n<li><span style=\"font-size: 14pt;\">Supraconductivit\u00e9 et cryog\u00e9nie<\/span><\/li>\n<\/ul>\n<p><span style=\"font-size: 14pt;\"><a href=\"https:\/\/superconductingelectronics.org\/s2j2\/index.php\/inscription-au-colloque\/\">s&#8217;inscrire au colloque<\/a><\/span><\/p>\n","protected":false},"excerpt":{"rendered":"<p>This is an example page. It&#8217;s different from a blog post because it will stay in one place and will show up in your site navigation (in most themes). Most people start with an About page that introduces them to potential site visitors. It might say something like this:<\/p>\n","protected":false},"author":1,"featured_media":0,"parent":0,"menu_order":2,"comment_status":"closed","ping_status":"closed","template":"","meta":{"footnotes":"","_links_to":"","_links_to_target":""},"_links":{"self":[{"href":"https:\/\/superconductingelectronics.org\/s2j2\/index.php\/wp-json\/wp\/v2\/pages\/2"}],"collection":[{"href":"https:\/\/superconductingelectronics.org\/s2j2\/index.php\/wp-json\/wp\/v2\/pages"}],"about":[{"href":"https:\/\/superconductingelectronics.org\/s2j2\/index.php\/wp-json\/wp\/v2\/types\/page"}],"author":[{"embeddable":true,"href":"https:\/\/superconductingelectronics.org\/s2j2\/index.php\/wp-json\/wp\/v2\/users\/1"}],"replies":[{"embeddable":true,"href":"https:\/\/superconductingelectronics.org\/s2j2\/index.php\/wp-json\/wp\/v2\/comments?post=2"}],"version-history":[{"count":24,"href":"https:\/\/superconductingelectronics.org\/s2j2\/index.php\/wp-json\/wp\/v2\/pages\/2\/revisions"}],"predecessor-version":[{"id":224,"href":"https:\/\/superconductingelectronics.org\/s2j2\/index.php\/wp-json\/wp\/v2\/pages\/2\/revisions\/224"}],"wp:attachment":[{"href":"https:\/\/superconductingelectronics.org\/s2j2\/index.php\/wp-json\/wp\/v2\/media?parent=2"}],"curies":[{"name":"wp","href":"https:\/\/api.w.org\/{rel}","templated":true}]}}