{"id":13,"date":"2018-02-06T05:53:40","date_gmt":"2018-02-06T04:53:40","guid":{"rendered":"http:\/\/superconductingelectronics.org\/s2j2\/?page_id=13"},"modified":"2019-10-30T21:37:45","modified_gmt":"2019-10-30T20:37:45","slug":"welcome","status":"publish","type":"page","link":"https:\/\/superconductingelectronics.org\/s2j2\/","title":{"rendered":"Objectifs"},"content":{"rendered":"<p><span style=\"font-size: 14pt;\">Les d\u00e9veloppements des centres de donn\u00e9es et du calcul \u00e0 haute performance (<a href=\"https:\/\/www.skatelescope.org\/amazingfacts\" target=\"_blank\" rel=\"noopener noreferrer\">voir par exemple ici<\/a>,\u00a0ou encore <a href=\"http:\/\/www.lemonde.fr\/pixels\/article\/2016\/06\/03\/les-datas-du-grand-froid_4932566_4408996.html\" target=\"_blank\" rel=\"noopener noreferrer\">l\u00e0<\/a>, ou plus r\u00e9cemment la probl\u00e9matique des <a href=\"https:\/\/www.theguardian.com\/technology\/2018\/jan\/17\/bitcoin-electricity-usage-huge-climate-cryptocurrency\" target=\"_blank\" rel=\"noopener noreferrer\">dispositifs blockchain<\/a> d\u00e9velopp\u00e9s pour le bitcoin qui pr\u00e9sentent un <a href=\"https:\/\/ec.europa.eu\/digital-single-market\/en\/news\/how-can-europe-benefit-blockchain-technologies\" target=\"_blank\" rel=\"noopener noreferrer\">int\u00e9r\u00eat pour les banques et les administrations\u00a0<\/a>et <a href=\"https:\/\/ec.europa.eu\/digital-single-market\/en\/news\/european-commission-launches-eu-blockchain-observatory-and-forum\" target=\"_blank\" rel=\"noopener noreferrer\">l&#8217;Union europ\u00e9enne<\/a>), <a href=\"https:\/\/www.sciencesetavenir.fr\/high-tech\/la-crypto-monnaie-bitcoin-consomme-plus-d-electricite-que-159-etats-dans-le-monde_118729\" target=\"_blank\" rel=\"noopener noreferrer\">requi\u00e8rent des consommations \u00e9lectriques toujours plus importantes<\/a> pour satisfaire les besoins actuels et futurs et posent des <strong>d\u00e9fis \u00e9cologiques, \u00e9nerg\u00e9tiques et \u00e9conomiques<\/strong>.<\/span><\/p>\n<p><span style=\"font-size: 14pt;\">Plusieurs solutions technologiques, issues de recherches men\u00e9es durant les 30 derni\u00e8res ann\u00e9es, sont en train d&#8217;\u00e9merger pour rentrer en phase de pr\u00e9-industrialisation, notamment aux Etats-Unis et au Japon.<\/span><\/p>\n<p><span style=\"font-size: 14pt;\">Face \u00e0 ces enjeux l&#8217;Europe se mobilise, tout d&#8217;abord en restant sur des solutions conventionnelles et en am\u00e9liorant<a href=\"http:\/\/www.genci.fr\/fr\/node\/857#\" target=\"_blank\" rel=\"noopener noreferrer\">\u00a0les performances \u00e9nerg\u00e9tiques<\/a> des microprocesseurs d\u00e9velopp\u00e9s par la soci\u00e9t\u00e9 am\u00e9ricaine INTEL et les algorithmes associ\u00e9s. Cela va permettre de d\u00e9velopper des<a href=\"https:\/\/news.cnrs.fr\/articles\/supercomputers-the-stakes-in-the-global-race\" target=\"_blank\" rel=\"noopener noreferrer\"> machines plus puissantes<\/a>, comprenant un plus grand nombre de c\u0153urs de calcul mais consommant toujours plus d&#8217;\u00e9nergie malgr\u00e9 une meilleure efficacit\u00e9 \u00e9nerg\u00e9tique.<\/span><\/p>\n<p><span style=\"font-size: 14pt;\">Une autre alternative, \u00e9galement soutenue par l&#8217;Europe, repose sur le <a href=\"https:\/\/www.nature.com\/news\/europe-plans-giant-billion-euro-quantum-technologies-project-1.19796\" target=\"_blank\" rel=\"noopener noreferrer\">d\u00e9veloppement du calcul quantique<\/a> qui permet en th\u00e9orie d&#8217;offrir une puissance de calcul incomparable pour r\u00e9soudre certains probl\u00e8mes. A ce jour les ordinateurs quantiques n&#8217;existent pas encore, mais les premiers r\u00e9sultats sont encourageants. Cette technologie, d\u00e9velopp\u00e9e aux Etats-Unis par des industriels comme Microsoft et Google ou au Canada par la soci\u00e9t\u00e9 D-wave, n\u00e9cessite l&#8217;utilisation de tr\u00e8s basses temp\u00e9ratures inf\u00e9rieures \u00e0 100 mK ( environ -273,3\u00b0C) et la fabrication des circuits dans des fonderies industrielles adapt\u00e9es, implant\u00e9es en Am\u00e9rique du Nord.<\/span><\/p>\n<p><span style=\"font-size: 14pt;\">Ces solutions sont bas\u00e9es sur l\u2019utilisation de m\u00e9taux supraconducteurs qui, lorsque refroidis en dessous d\u2019une certaine temp\u00e9rature appel\u00e9e temp\u00e9rature critique,\u00a0conduisent non seulement\u00a0 l\u2019\u00e9lectricit\u00e9 sans dissipation d\u2019\u00e9nergie mais ne laissent p\u00e9n\u00e9trer le champ magn\u00e9tique que par quanta de flux. Dans ce cas les composants permettant de faire les calculs num\u00e9riques ne sont pas des transistors, qui n&#8217;existent pas en technologie supraconductrice, mais des jonctions Josephson.<\/span><\/p>\n<p><span style=\"font-size: 14pt;\">Ces technologies de rupture, comme le furent en leur temps celles li\u00e9es au d\u00e9veloppement de la voiture automobile lorsque l&#8217;on se d\u00e9pla\u00e7ait \u00e0 pied ou \u00e0 cheval, ou encore celle de l&#8217;\u00e9lectricit\u00e9 \u00e0 l&#8217;\u00e9poque de la bougie, n\u00e9cessitent une remise en cause de certains paradigmes et la mise en place d&#8217;une infrastructure permettant \u00e0 terme de d\u00e9passer les limites actuelles. (<a href=\"https:\/\/superconductingelectronics.org\/s2j2\/wp-content\/uploads\/2018\/02\/Fluxonics-newsletter-September-2015.pdf\" target=\"_blank\" rel=\"noopener noreferrer\">Pour en savoir plus<\/a>.)<\/span><\/p>\n<p><span style=\"font-size: 14pt;\">Depuis peu les premiers microprocesseurs utilisant des jonctions Josephson supraconductrices ont \u00e9t\u00e9 effectivement r\u00e9alis\u00e9s au Japon dans un consortium r\u00e9unissant en particulier l&#8217;<a href=\"http:\/\/iopscience.iop.org\/article\/10.1088\/1742-6596\/871\/1\/012065\/pdf\" target=\"_blank\" rel=\"noopener noreferrer\">AIST<\/a>\u00a0(National Institute of Advanced Industrial Science and Technology) et les Universit\u00e9s de Nagoya et de Yokohama. Ces premiers microprocesseurs, dont la fr\u00e9quence d&#8217;horloge peut atteindre 100 GHz pour une consommation \u00e9lectrique n\u00e9gligeable, peuvent aussi \u00eatre utilis\u00e9s comme interface entre des ordinateurs traditionnels \u00e0 base de transistors et des syst\u00e8mes de calcul quantique \u00e0 base de qu-bits (des bits quantiques) qui utilisent \u00e9galement la m\u00eame technologie \u00e0 base de jonctions Josephson.<\/span><\/p>\n<p><span style=\"font-size: 14pt;\">Les applications de machines supraconductrices sont nombreuses : centres de donn\u00e9es \u00e0 faible empreinte environnementale, super-calculateurs pour la science fondamentale, la m\u00e9decine dont l&#8217;\u00e9tude du cerveau, les changements climatiques, la m\u00e9t\u00e9orologie, interfaces des futures machines de calcul quantique, traitement de donn\u00e9es des imageurs et interf\u00e9rom\u00e8tres de radioastronomie, pour n&#8217;en citer que quelques unes.<\/span><\/p>\n<p><span style=\"font-size: 14pt;\">En Europe les d\u00e9veloppements sont effectu\u00e9s \u00e0 ce jour principalement dans des centres de recherche et des Universit\u00e9s. Une fonderie, la fonderie <a href=\"http:\/\/www.fluxonics.eu\/\" target=\"_blank\" rel=\"noopener noreferrer\">FLUXONICS<\/a> du r\u00e9seau europ\u00e9en scientifique \u00e9ponyme localis\u00e9e \u00e0 l&#8217;Institut de Technologie Photonique\u00a0(IPHT) de I\u00e9na \u00a0en Allemagne, permet la fabrication de circuits supraconducteurs de faible complexit\u00e9.<\/span><\/p>\n<p><span style=\"font-size: 14pt;\">Il s&#8217;agit maintenant de penser les futurs d\u00e9veloppements industriels qui vont permettre de transf\u00e9rer cette technologie sans \u00e9quivalent des laboratoires de recherche au domaine industriel. Avec \u00e0 la cl\u00e9 des d\u00e9fis en termes \u00e9cologiques et \u00e9nerg\u00e9tiques (diviser la consommation \u00e9lectrique par 100 pour une puissance de calcul \u00e9quivalente), \u00e9conomiques (former et recruter les ing\u00e9nieurs de demain qui concevront et fabriqueront ces machines), et sociaux (comprendre le cerveau, simuler avec plus de pr\u00e9cision les changements climatiques, cr\u00e9er les mat\u00e9riaux de demain).<\/span><\/p>\n<p><span style=\"font-size: 14pt;\"> C&#8217;est dans ce cadre qu&#8217;est organis\u00e9 ce colloque\u00a0international du r\u00e9seau scientifique europ\u00e9en FLUXONICS, avec le soutien du Grand Avignon, de la Ville d\u2019Avignon, du D\u00e9partement du Vaucluse et du Conseil R\u00e9gional PACA.<\/span><\/p>\n","protected":false},"excerpt":{"rendered":"<p>Welcome<br \/>\nHi there! I&#8217;m a bike messenger by day, aspiring actor by night, and this is my website. I live in Los Angeles, have a great dog named Jack, and I like pi\u00f1a coladas. (And gettin&#8217; caught in the rain.)<\/p>\n","protected":false},"author":1,"featured_media":0,"parent":0,"menu_order":1,"comment_status":"closed","ping_status":"closed","template":"","meta":{"footnotes":"","_links_to":"","_links_to_target":""},"_links":{"self":[{"href":"https:\/\/superconductingelectronics.org\/s2j2\/index.php\/wp-json\/wp\/v2\/pages\/13"}],"collection":[{"href":"https:\/\/superconductingelectronics.org\/s2j2\/index.php\/wp-json\/wp\/v2\/pages"}],"about":[{"href":"https:\/\/superconductingelectronics.org\/s2j2\/index.php\/wp-json\/wp\/v2\/types\/page"}],"author":[{"embeddable":true,"href":"https:\/\/superconductingelectronics.org\/s2j2\/index.php\/wp-json\/wp\/v2\/users\/1"}],"replies":[{"embeddable":true,"href":"https:\/\/superconductingelectronics.org\/s2j2\/index.php\/wp-json\/wp\/v2\/comments?post=13"}],"version-history":[{"count":45,"href":"https:\/\/superconductingelectronics.org\/s2j2\/index.php\/wp-json\/wp\/v2\/pages\/13\/revisions"}],"predecessor-version":[{"id":300,"href":"https:\/\/superconductingelectronics.org\/s2j2\/index.php\/wp-json\/wp\/v2\/pages\/13\/revisions\/300"}],"wp:attachment":[{"href":"https:\/\/superconductingelectronics.org\/s2j2\/index.php\/wp-json\/wp\/v2\/media?parent=13"}],"curies":[{"name":"wp","href":"https:\/\/api.w.org\/{rel}","templated":true}]}}